{"id":8864,"date":"2024-11-15T14:36:04","date_gmt":"2024-11-15T13:36:04","guid":{"rendered":"https:\/\/staging.palosantotapasbar.com\/avis-legal\/"},"modified":"2025-02-19T11:00:33","modified_gmt":"2025-02-19T10:00:33","slug":"avis-legal","status":"publish","type":"page","link":"https:\/\/www.palosantotapasbar.com\/ca\/avis-legal\/","title":{"rendered":"Avis Legal"},"content":{"rendered":"\t\t<div data-elementor-type=\"wp-page\" data-elementor-id=\"8864\" class=\"elementor elementor-8864 elementor-7874\">\n\t\t\t\t<div class=\"elementor-element elementor-element-53320f0 e-flex e-con-boxed e-con e-parent\" data-id=\"53320f0\" data-element_type=\"container\">\n\t\t\t\t\t<div class=\"e-con-inner\">\n\t\t\t\t<div class=\"elementor-element elementor-element-52ef83b elementor-widget elementor-widget-heading\" data-id=\"52ef83b\" data-element_type=\"widget\" data-widget_type=\"heading.default\">\n\t\t\t\t<div class=\"elementor-widget-container\">\n\t\t\t\t\t<h4 class=\"elementor-heading-title elementor-size-default\">Av\u00eds Legal i Condicions Generals d\u00b4\u00das<\/h4>\t\t\t\t<\/div>\n\t\t\t\t<\/div>\n\t\t\t\t<div class=\"elementor-element elementor-element-aacbd42 elementor-widget elementor-widget-text-editor\" data-id=\"aacbd42\" data-element_type=\"widget\" data-widget_type=\"text-editor.default\">\n\t\t\t\t<div class=\"elementor-widget-container\">\n\t\t\t\t\t\t\t\t\t<p>\u00a0<\/p><p><span style=\"color: #000000;\"><strong>INFORMACI\u00d3 GENERAL<\/strong><\/span><\/p><p><span style=\"font-weight: 400;\">En compliment amb el deure d&#8217;informaci\u00f3 disposat en la Llei 34\/2002 de Serveis de la Societat de<\/span> l<span style=\"font-weight: 400;\">a Informaci\u00f3 i el Comer\u00e7 Electr\u00f2nic (LSSI-CE) d&#8217;11 de juliol, es faciliten a continuaci\u00f3 les seg\u00fcents<\/span> <span style=\"font-weight: 400;\">dades d&#8217;informaci\u00f3 general d&#8217;aquest lloc web:<\/span><\/p><p><span style=\"font-weight: 400;\">La titularitat d&#8217;aquest lloc web, https:\/\/www.palosantotapasbar.com\/, (d&#8217;ara endavant, Lloc web) l&#8217;ostenta:<\/span><\/p><p><span style=\"font-weight: 400;\">MANGO BAJITO SL, , prove\u00efda de NIF: B66068693 i inscrita en: Registre Mercantil de Barcelona amb els <\/span><span style=\"font-weight: 400;\">seg\u00fcents dades registrals: N\u00fam. 402938. Tom 43936, F 49, S 8, H B 442152, I\/A 1, el representant de la qual <\/span><span style=\"font-weight: 400;\">es: <\/span><\/p><p><span style=\"font-weight: 400;\">Romy Vanessa Ripanti, i les seves dades de contacte son:<\/span><\/p><p><span style=\"font-weight: 400;\">Direcci\u00f3: Rambla del Raval, 26. 08001 Barcelona <\/span><\/p><p><span style=\"font-weight: 400;\">Tel\u00e8fon de contacte: 931 66 23 47<\/span><\/p><p><span style=\"font-weight: 400;\">Email de contacte:<\/span><a href=\"mailto:palosantobcn@gmail.com\"><span style=\"font-weight: 400;\">palosantobcn@gmail.com<\/span><\/a><\/p><p>\u00a0<\/p><p><span style=\"color: #000000;\"><strong>TERMES I CONDICIONS GENERALS D&#8217;\u00daS<\/strong><\/span><\/p><p><span style=\"font-weight: 400;\">L&#8217;objecte de les condicions: El Lloc web<\/span><\/p><p><span style=\"font-weight: 400;\">L&#8217;objecte de les presents Condicions Generals d&#8217;\u00das (d&#8217;ara endavant, Condicions) \u00e9s regular l&#8217;acc\u00e9s i <\/span><span style=\"font-weight: 400;\">la utilitzaci\u00f3 del Lloc web. A l&#8217;efecte de les presents Condicions s&#8217;entendr\u00e0 com a Lloc web: la <\/span><span style=\"font-weight: 400;\">apariencia externa de los interfaces de pantalla, tanto de forma est\u00e1tica como de forma din\u00e1mica, es <\/span><span style=\"font-weight: 400;\">decir, el \u00e1rbol de navegaci\u00f3n; y todos los elementos integrados tanto en los interfaces de pantalla como en <\/span><span style=\"font-weight: 400;\">el \u00e1rbol de navegaci\u00f3n (en adelante, Contenidos) y todos aquellos servicios o recursos en l\u00ednea que en su <\/span><span style=\"font-weight: 400;\">caso ofrezca a los Usuarios (en adelante, Servicios).<\/span><\/p><p><span style=\"font-weight: 400;\">Palosanto Tapas Bar es reserva la facultat de modificar, en qualsevol moment, i sense av\u00eds previ, la<\/span> <span style=\"font-weight: 400;\">presentaci\u00f3 i configuraci\u00f3 del Lloc web i dels Continguts i Serveis que en ell poguessin estar<\/span> <span style=\"font-weight: 400;\">incorporats. L&#8217;Usuari reconeix i accepta que en qualsevol moment Palosanto Tapes Bar pugui <\/span><span style=\"font-weight: 400;\">interrompre, desactivar i\/o cancel\u00b7lar qualsevol d&#8217;aquests elements que s&#8217;integren en el Lloc web o l&#8217;<\/span><span style=\"font-weight: 400;\">acc\u00e9s a aquests.<\/span><\/p><p><span style=\"font-weight: 400;\"> L&#8217;acc\u00e9s al Lloc web per l&#8217;Usuari t\u00e9 car\u00e0cter lliure i, per regla general, \u00e9s gratu\u00eft sense que l&#8217;Usuari<\/span> h<span style=\"font-weight: 400;\">agi de proporcionar una contraprestaci\u00f3 per a poder gaudir d&#8217;aix\u00f2, excepte en el relatiu al cost de<\/span> <span style=\"font-weight: 400;\">connexi\u00f3 a trav\u00e9s de la xarxa de telecomunicacions subministrada pel prove\u00efdor d&#8217;acc\u00e9s que hagu\u00e9s<\/span> <span style=\"font-weight: 400;\">contractat l&#8217;Usuari.<\/span> <span style=\"font-weight: 400;\">La utilitzaci\u00f3 dels Continguts no requereix pr\u00e8via subscripci\u00f3 o cap registre.<\/span><\/p><p><strong><br \/><span style=\"color: #000000;\">L&#8217;USUARI<\/span><\/strong><\/p><p><span style=\"font-weight: 400;\">L&#8217;acc\u00e9s, la navegaci\u00f3 i \u00fas del Lloc web, confereix la condici\u00f3 d&#8217;Usuari, per la qual cosa s&#8217;accepten, <\/span><span style=\"font-weight: 400;\">des que s&#8217;inicia la navegaci\u00f3 pel Lloc web, totes les Condicions aqu\u00ed establertes, aix\u00ed com les seves<\/span> <span style=\"font-weight: 400;\">ulteriors modificacions, sense perjudici de l&#8217;aplicaci\u00f3 de la corresponent normativa legal d&#8217;obligat<\/span> <span style=\"font-weight: 400;\">compliment segons el cas. Donada la rellev\u00e0ncia de l&#8217;anterior, es recomana a l&#8217;Usuari llegir-les cada vegada <\/span><span style=\"font-weight: 400;\">que visiti el Lloc web. <\/span><span style=\"font-weight: 400;\">El Lloc web de Palosanto Tapas Bar proporciona gran diversitat d&#8217;informaci\u00f3, serveis i dades. El <\/span><span style=\"font-weight: 400;\">Usuari assumeix la seva responsabilitat per a realitzar un \u00fas correcte del Lloc web. Aquesta responsabilitat es <\/span><span style=\"font-weight: 400;\">estendr\u00e0 a:<\/span><\/p><p><span style=\"font-weight: 400;\">Un \u00fas de la informaci\u00f3, Continguts i\/o Serveis i dades ofertes per Palosanto Tapas Bar sense que<\/span> <span style=\"font-weight: 400;\">sigui contrari al que es disposa per les presents Condicions, la Llei, la moral o l&#8217;ordre p\u00fablic, o que<\/span> <span style=\"font-weight: 400;\">de qualsevol altre mode puguin suposar lesi\u00f3 dels drets de tercers o del mateix <\/span><span style=\"font-weight: 400;\">funcionament del Lloc web.<\/span><\/p><p><span style=\"font-weight: 400;\">La veracitat i licitud de les informacions aportades per l&#8217;Usuari en els formularis estesos<\/span> <span style=\"font-weight: 400;\">per Palosanto Tapas Bar per a l&#8217;acc\u00e9s a uns certs Continguts o Serveis oferts pel Lloc web.<\/span> <span style=\"font-weight: 400;\">En tot cas, l&#8217;Usuari notificar\u00e0 de manera immediata a Palosanto Tapas Bar sobre qualsevol <\/span><span style=\"font-weight: 400;\">fet que permeti l&#8217;\u00fas indegut de la informaci\u00f3 registrada en aquests formularis, com ara, <\/span><span style=\"font-weight: 400;\">per\u00f2 no sols, el robatori, extraviament, o l&#8217;acc\u00e9s no autoritzat a identificadors i\/o contrasenyes, amb la finalitat<\/span> <span style=\"font-weight: 400;\">de procedir a la seva immediata cancel\u00b7laci\u00f3.<\/span><\/p><p><span style=\"font-weight: 400;\">El mer acc\u00e9s a aquest Lloc web no suposa entaular cap mena de relaci\u00f3 de car\u00e0cter comercial entre<\/span> <span style=\"font-weight: 400;\">Palosanto Tapas Bar i l&#8217;Usuari.<\/span> <span style=\"font-weight: 400;\">Sempre en el respecte de la legislaci\u00f3 vigent, aquest Lloc web de Palosanto Tapas Bar es dirigeix a totes les persones,<\/span> <span style=\"font-weight: 400;\">sense importar la seva edat, que puguin accedir i\/o navegar per les p\u00e0gines del Lloc web.<\/span><\/p><p>\u00a0<\/p><h5><span style=\"color: #000000;\"><strong>ACCES I NAVEGACI\u00d3 EN EL LLOC WEB<\/strong><\/span><\/h5><p><span style=\"color: #000000;\"><strong>EXCLUSI\u00d3 DE GARANTIES I RESPONSABILITAT<\/strong><\/span><\/p><p><span style=\"font-weight: 400;\">Palosanto Tapas Bar no garanteix la continu\u00eftat, disponibilitat i utilitat del Lloc web, ni de els <\/span><span style=\"font-weight: 400;\">Continguts o Serveis. Palosanto Tapas Bar far\u00e0 tot el possible pel bon funcionament del Lloc web, <\/span><span style=\"font-weight: 400;\">no obstant aix\u00f2, no es responsabilitza ni garanteix que l&#8217;acc\u00e9s a aquest Lloc web no vagi a ser ininterromput<\/span><span style=\"font-weight: 400;\"> o que estigui lliure d&#8217;error.<\/span><\/p><p><span style=\"font-weight: 400;\">Tampoc es responsabilitza o garanteix que el contingut o programari al qual pugui accedir-se a trav\u00e9s<\/span> d&#8217;<span style=\"font-weight: 400;\">aquest Lloc web, estigui lliure d&#8217;error o causi un mal al sistema inform\u00e0tic (programari i maquinari) del<\/span> <span style=\"font-weight: 400;\">Usuari. En cap cas Palosanto Tapes Bar ser\u00e0 responsable per les p\u00e8rdues, danys o perjudicis de <\/span><span style=\"font-weight: 400;\"> qualsevol tipus que sorgeixin per l&#8217;acc\u00e9s, navegaci\u00f3 i l&#8217;\u00fas del Lloc web, incloent-se, per\u00f2 no<\/span> <span style=\"font-weight: 400;\">limitant-se, als ocasionats als sistemes inform\u00e0tics o els provocats per la introducci\u00f3 de virus.<\/span> <span style=\"font-weight: 400;\">Palosanto Tapas Bar tampoc es fa responsable dels danys que poguessin ocasionar-se als usuaris<\/span> <span style=\"font-weight: 400;\">per un \u00fas inadequat d&#8217;aquest Lloc web. En particular, no es fa responsable de cap manera de les <\/span><span style=\"font-weight: 400;\">caigudes, interrupcions, falta o defecte de les telecomunicacions que poguessin oc\u00f3rrer.<\/span><\/p><p>\u00a0<\/p><p><strong><span style=\"background-color: var(--qode-background-color); color: var(--qode-main-color); letter-spacing: -0.02em;\">POL\u00cdTICA D&#8217;ENLLA\u00c7OS<\/span><\/strong><\/p><p><span style=\"font-weight: 400;\">L&#8217;Usuari o tercer que realitzi un enlla\u00e7 des d&#8217;una p\u00e0gina web d&#8217;un altre, distint, lloc web al Lloc<\/span> <span style=\"font-weight: 400;\">web de Palosanto Tapas Bar haur\u00e0 de saber que:<\/span><\/p><ul><li><span style=\"font-weight: 400;\">No es permet la reproducci\u00f3 \u2014totalment o parcialment\u2014 de cap dels Continguts i\/o Serveis del Lloc<\/span> <span style=\"font-weight: 400;\">web sense autoritzaci\u00f3 expressa de Palosanto Tapas Bar.<\/span><\/li><li>No es permet tampoc cap manifestaci\u00f3 falsa, inexacta o incorrecta sobre el Lloc web de Palosanto Tapas Bar, ni sobre els Continguts i\/o Serveis d&#8217;aquest.<\/li><\/ul><p><span style=\"font-weight: 400;\">A excepci\u00f3 de l&#8217;enlla\u00e7, el lloc web en el qual s&#8217;estableixi aquest enlla\u00e7 no contindr\u00e0 cap<\/span> <span style=\"font-weight: 400;\">element, d&#8217;aquest Lloc web, protegit com a propietat intel\u00b7lectual per l&#8217;ordenament jur\u00eddic espanyol,<\/span> <span style=\"font-weight: 400;\">excepte autoritzaci\u00f3 expressa de Palosanto Tapas Bar.<\/span><\/p><p><span style=\"font-weight: 400;\">L&#8217;establiment de l&#8217;enlla\u00e7 no implicar\u00e0 l&#8217;exist\u00e8ncia de relacions entre Palosanto Tapas Bar i el<\/span> t<span style=\"font-weight: 400;\">itular del lloc web des del qual es realitzi, ni el coneixement i acceptaci\u00f3 de Palosanto Tapas Bar dels<\/span> <span style=\"font-weight: 400;\">continguts, serveis i\/o activitats ofertes en aquest lloc web, i viceversa.<\/span><\/p><p>\u00a0<\/p><p><strong><span style=\"background-color: var(--qode-background-color); color: var(--qode-main-color); letter-spacing: -0.02em;\">PROPIETAT INTEL\u00b7LECTUAL I INDUSTRIAL<\/span><\/strong><\/p><p><span style=\"font-weight: 400;\">Palosanto Tapas Bar per si o com a part cession\u00e0ria, \u00e9s titular de tots els drets de propietat <\/span><span style=\"font-weight: 400;\">intel\u00b7lectual i industrial del Lloc web, aix\u00ed com dels elements continguts en el mateix (a t\u00edtol <\/span><span style=\"font-weight: 400;\">enunciatiu i no exhaustiu, imatges, so, \u00e0udio, v\u00eddeo, programari o textos, marques o logotips, <\/span><span style=\"font-weight: 400;\">combinacions de colors, estructura i disseny, selecci\u00f3 de materials usats, programes d&#8217;ordinador <\/span><span style=\"font-weight: 400;\">necessaris per al seu funcionament, acc\u00e9s i \u00fas, etc.). Seran, per conseg\u00fcent, obres protegides com <\/span><span style=\"font-weight: 400;\">propietat intel\u00b7lectual per l&#8217;ordenament jur\u00eddic espanyol, sent-los aplicables punt la normativa <\/span><span style=\"font-weight: 400;\">espanyola i comunit\u00e0ria en aquest camp, com els tractats internacionals relatius a la mat\u00e8ria i subscrits <\/span><span style=\"font-weight: 400;\">per Espanya.<\/span><\/p><p><span style=\"font-weight: 400;\">Tots els drets reservats. En virtut del que es disposa en la Llei de Propietat Intel\u00b7lectual, queden <\/span><span style=\"font-weight: 400;\">expressament prohibides la reproducci\u00f3, la distribuci\u00f3 i la comunicaci\u00f3 p\u00fablica, inclosa la seva modalitat<\/span> <span style=\"font-weight: 400;\">de posada a disposici\u00f3, de la totalitat o part dels continguts d&#8217;aquesta p\u00e0gina web, amb finalitats <\/span><span style=\"font-weight: 400;\">comercials, en qualsevol suport i per qualsevol mitj\u00e0 t\u00e8cnic, sense l&#8217;autoritzaci\u00f3 de Palosanto Tapas <\/span><span style=\"font-weight: 400;\">Bar.<\/span><\/p><p><span style=\"font-weight: 400;\">L&#8217;Usuari es compromet a respectar els drets de propietat intel\u00b7lectual i industrial de Palosanto Tapas <\/span><span style=\"font-weight: 400;\">Bar. Podr\u00e0 visualitzar els elements del Lloc web o fins i tot imprimir-los, copiar-los i emmagatzemar-los en el disc <\/span><span style=\"font-weight: 400;\">duro del seu ordinador o en qualsevol altre suport f\u00edsic sempre que sigui, exclusivament, per al seu \u00fas <\/span><span style=\"font-weight: 400;\">personal. L&#8217;Usuari, no obstant aix\u00f2, no podr\u00e0 suprimir, alterar, o manipular qualsevol dispositiu de <\/span><span style=\"font-weight: 400;\">protecci\u00f3 o sistema de seguretat que estigu\u00e9s instal\u00b7lat en el Lloc web.<\/span><\/p><p><span style=\"font-weight: 400;\">En cas que l&#8217;Usuari o tercer consideri que qualsevol dels Continguts del Lloc web suposi una<\/span> <span style=\"font-weight: 400;\">violaci\u00f3 dels drets de protecci\u00f3 de la propietat intel\u00b7lectual, haur\u00e0 de comunicar-ho immediatament a<\/span> <span style=\"font-weight: 400;\">Palosanto Tapas Bar a trav\u00e9s de les dades de contacte de l&#8217;apartat d&#8217;INFORMACI\u00d3 GENERAL d&#8217;aquest<\/span> <span style=\"font-weight: 400;\">Av\u00eds Legal i Condicions Generals d&#8217;\u00das.<\/span><\/p><p>\u00a0<\/p><p><span style=\"color: #000000;\"><strong>ACCIONS LEGALS, LEGISLACI\u00d3 APLICABLE I JURISDICCI\u00d3<\/strong><\/span><\/p><p><span style=\"font-weight: 400;\">Palosanto Tapas Bar es reserva la facultat de presentar les accions civils o penals que consideri<\/span> <span style=\"font-weight: 400;\">necess\u00e0ries per la utilitzaci\u00f3 indeguda del Lloc web i Continguts, o per l&#8217;incompliment de les presents<\/span> <span style=\"font-weight: 400;\">Condicions.<\/span><\/p><p><span style=\"font-weight: 400;\">La relaci\u00f3 entre l&#8217;Usuari i Palosanto Tapas Bar es regir\u00e0 per la normativa vigent i d&#8217;aplicaci\u00f3 en el <\/span><span style=\"font-weight: 400;\">territori espanyol. De sorgir qualsevol controv\u00e8rsia en relaci\u00f3 amb la interpretaci\u00f3 i\/oa l&#8217;aplicaci\u00f3 de <\/span><span style=\"font-weight: 400;\">aquestes Condicions les parts sotmetran els seus conflictes a la jurisdicci\u00f3 ordin\u00e0ria sotmetent-se als jutges<\/span> i<span style=\"font-weight: 400;\">tribunals que corresponguin conforme a dret.<\/span><\/p><p><span style=\"font-weight: 400;\">Aquest document d&#8217;Av\u00eds Legal i Condicions Generals d&#8217;\u00fas del lloc web ha estat creat<\/span><span style=\"font-weight: 400;\">el dia 15\/11\/2024.<\/span><\/p>\t\t\t\t\t\t\t\t<\/div>\n\t\t\t\t<\/div>\n\t\t\t\t\t<\/div>\n\t\t\t\t<\/div>\n\t\t\t\t<\/div>\n\t\t","protected":false},"excerpt":{"rendered":"<p>Av\u00eds Legal i Condicions Generals d\u00b4\u00das \u00a0 INFORMACI\u00d3 GENERAL En compliment amb el deure d&#8217;informaci\u00f3 disposat en la Llei 34\/2002 de Serveis de la Societat de la Informaci\u00f3 i el Comer\u00e7 Electr\u00f2nic (LSSI-CE) d&#8217;11 de juliol, es faciliten a continuaci\u00f3 les seg\u00fcents dades d&#8217;informaci\u00f3 general d&#8217;aquest lloc web: La titularitat d&#8217;aquest lloc web, https:\/\/www.palosantotapasbar.com\/, (d&#8217;ara [&hellip;]<\/p>\n","protected":false},"author":2,"featured_media":0,"parent":0,"menu_order":0,"comment_status":"closed","ping_status":"closed","template":"","meta":{"footnotes":""},"class_list":["post-8864","page","type-page","status-publish","hentry"],"yoast_head":"<!-- This site is optimized with the Yoast SEO plugin v24.5 - https:\/\/yoast.com\/wordpress\/plugins\/seo\/ -->\n<title>Avis Legal | Palosanto Tapas Bar<\/title>\n<meta name=\"description\" content=\"Accedeix a tota la informaci\u00f3 legal i avisos relacionats amb l&#039;\u00fas del lloc web i serveis de Palosanto Tapas Bar Raval.\" \/>\n<meta name=\"robots\" content=\"index, follow, max-snippet:-1, max-image-preview:large, max-video-preview:-1\" \/>\n<link rel=\"canonical\" href=\"https:\/\/www.palosantotapasbar.com\/ca\/avis-legal\/\" \/>\n<meta property=\"og:locale\" content=\"ca_ES\" \/>\n<meta property=\"og:type\" content=\"article\" \/>\n<meta property=\"og:title\" content=\"Avis Legal | Palosanto Tapas Bar\" \/>\n<meta property=\"og:description\" content=\"Accedeix a tota la informaci\u00f3 legal i avisos relacionats amb l&#039;\u00fas del lloc web i serveis de Palosanto Tapas Bar Raval.\" \/>\n<meta property=\"og:url\" content=\"https:\/\/www.palosantotapasbar.com\/ca\/avis-legal\/\" \/>\n<meta property=\"og:site_name\" content=\"Palosanto Tapas Bar\" \/>\n<meta property=\"article:modified_time\" content=\"2025-02-19T10:00:33+00:00\" \/>\n<meta name=\"twitter:card\" content=\"summary_large_image\" \/>\n<meta name=\"twitter:label1\" content=\"Temps estimat de lectura\" \/>\n\t<meta name=\"twitter:data1\" content=\"7 minuts\" \/>\n<script type=\"application\/ld+json\" class=\"yoast-schema-graph\">{\"@context\":\"https:\/\/schema.org\",\"@graph\":[{\"@type\":\"WebPage\",\"@id\":\"https:\/\/www.palosantotapasbar.com\/ca\/avis-legal\/\",\"url\":\"https:\/\/www.palosantotapasbar.com\/ca\/avis-legal\/\",\"name\":\"Avis Legal | Palosanto Tapas Bar\",\"isPartOf\":{\"@id\":\"https:\/\/www.palosantotapasbar.com\/ca\/#website\"},\"datePublished\":\"2024-11-15T13:36:04+00:00\",\"dateModified\":\"2025-02-19T10:00:33+00:00\",\"description\":\"Accedeix a tota la informaci\u00f3 legal i avisos relacionats amb l'\u00fas del lloc web i serveis de Palosanto Tapas Bar Raval.\",\"breadcrumb\":{\"@id\":\"https:\/\/www.palosantotapasbar.com\/ca\/avis-legal\/#breadcrumb\"},\"inLanguage\":\"ca\",\"potentialAction\":[{\"@type\":\"ReadAction\",\"target\":[\"https:\/\/www.palosantotapasbar.com\/ca\/avis-legal\/\"]}]},{\"@type\":\"BreadcrumbList\",\"@id\":\"https:\/\/www.palosantotapasbar.com\/ca\/avis-legal\/#breadcrumb\",\"itemListElement\":[{\"@type\":\"ListItem\",\"position\":1,\"name\":\"Home\",\"item\":\"https:\/\/www.palosantotapasbar.com\/ca\/\"},{\"@type\":\"ListItem\",\"position\":2,\"name\":\"Avis Legal\"}]},{\"@type\":\"WebSite\",\"@id\":\"https:\/\/www.palosantotapasbar.com\/ca\/#website\",\"url\":\"https:\/\/www.palosantotapasbar.com\/ca\/\",\"name\":\"Palosanto Tapas Bar\",\"description\":\"\",\"publisher\":{\"@id\":\"https:\/\/www.palosantotapasbar.com\/ca\/#organization\"},\"potentialAction\":[{\"@type\":\"SearchAction\",\"target\":{\"@type\":\"EntryPoint\",\"urlTemplate\":\"https:\/\/www.palosantotapasbar.com\/ca\/?s={search_term_string}\"},\"query-input\":{\"@type\":\"PropertyValueSpecification\",\"valueRequired\":true,\"valueName\":\"search_term_string\"}}],\"inLanguage\":\"ca\"},{\"@type\":\"Organization\",\"@id\":\"https:\/\/www.palosantotapasbar.com\/ca\/#organization\",\"name\":\"Palosanto Tapas Bar\",\"url\":\"https:\/\/www.palosantotapasbar.com\/ca\/\",\"logo\":{\"@type\":\"ImageObject\",\"inLanguage\":\"ca\",\"@id\":\"https:\/\/www.palosantotapasbar.com\/ca\/#\/schema\/logo\/image\/\",\"url\":\"https:\/\/www.palosantotapasbar.com\/wp-content\/uploads\/2024\/11\/cropped-cropped-palosantotapasbar-logo-removebg-preview.png\",\"contentUrl\":\"https:\/\/www.palosantotapasbar.com\/wp-content\/uploads\/2024\/11\/cropped-cropped-palosantotapasbar-logo-removebg-preview.png\",\"width\":300,\"height\":150,\"caption\":\"Palosanto Tapas Bar\"},\"image\":{\"@id\":\"https:\/\/www.palosantotapasbar.com\/ca\/#\/schema\/logo\/image\/\"}}]}<\/script>\n<!-- \/ Yoast SEO plugin. -->","yoast_head_json":{"title":"Avis Legal | Palosanto Tapas Bar","description":"Accedeix a tota la informaci\u00f3 legal i avisos relacionats amb l'\u00fas del lloc web i serveis de Palosanto Tapas Bar Raval.","robots":{"index":"index","follow":"follow","max-snippet":"max-snippet:-1","max-image-preview":"max-image-preview:large","max-video-preview":"max-video-preview:-1"},"canonical":"https:\/\/www.palosantotapasbar.com\/ca\/avis-legal\/","og_locale":"ca_ES","og_type":"article","og_title":"Avis Legal | Palosanto Tapas Bar","og_description":"Accedeix a tota la informaci\u00f3 legal i avisos relacionats amb l'\u00fas del lloc web i serveis de Palosanto Tapas Bar Raval.","og_url":"https:\/\/www.palosantotapasbar.com\/ca\/avis-legal\/","og_site_name":"Palosanto Tapas Bar","article_modified_time":"2025-02-19T10:00:33+00:00","twitter_card":"summary_large_image","twitter_misc":{"Temps estimat de lectura":"7 minuts"},"schema":{"@context":"https:\/\/schema.org","@graph":[{"@type":"WebPage","@id":"https:\/\/www.palosantotapasbar.com\/ca\/avis-legal\/","url":"https:\/\/www.palosantotapasbar.com\/ca\/avis-legal\/","name":"Avis Legal | Palosanto Tapas Bar","isPartOf":{"@id":"https:\/\/www.palosantotapasbar.com\/ca\/#website"},"datePublished":"2024-11-15T13:36:04+00:00","dateModified":"2025-02-19T10:00:33+00:00","description":"Accedeix a tota la informaci\u00f3 legal i avisos relacionats amb l'\u00fas del lloc web i serveis de Palosanto Tapas Bar Raval.","breadcrumb":{"@id":"https:\/\/www.palosantotapasbar.com\/ca\/avis-legal\/#breadcrumb"},"inLanguage":"ca","potentialAction":[{"@type":"ReadAction","target":["https:\/\/www.palosantotapasbar.com\/ca\/avis-legal\/"]}]},{"@type":"BreadcrumbList","@id":"https:\/\/www.palosantotapasbar.com\/ca\/avis-legal\/#breadcrumb","itemListElement":[{"@type":"ListItem","position":1,"name":"Home","item":"https:\/\/www.palosantotapasbar.com\/ca\/"},{"@type":"ListItem","position":2,"name":"Avis Legal"}]},{"@type":"WebSite","@id":"https:\/\/www.palosantotapasbar.com\/ca\/#website","url":"https:\/\/www.palosantotapasbar.com\/ca\/","name":"Palosanto Tapas Bar","description":"","publisher":{"@id":"https:\/\/www.palosantotapasbar.com\/ca\/#organization"},"potentialAction":[{"@type":"SearchAction","target":{"@type":"EntryPoint","urlTemplate":"https:\/\/www.palosantotapasbar.com\/ca\/?s={search_term_string}"},"query-input":{"@type":"PropertyValueSpecification","valueRequired":true,"valueName":"search_term_string"}}],"inLanguage":"ca"},{"@type":"Organization","@id":"https:\/\/www.palosantotapasbar.com\/ca\/#organization","name":"Palosanto Tapas Bar","url":"https:\/\/www.palosantotapasbar.com\/ca\/","logo":{"@type":"ImageObject","inLanguage":"ca","@id":"https:\/\/www.palosantotapasbar.com\/ca\/#\/schema\/logo\/image\/","url":"https:\/\/www.palosantotapasbar.com\/wp-content\/uploads\/2024\/11\/cropped-cropped-palosantotapasbar-logo-removebg-preview.png","contentUrl":"https:\/\/www.palosantotapasbar.com\/wp-content\/uploads\/2024\/11\/cropped-cropped-palosantotapasbar-logo-removebg-preview.png","width":300,"height":150,"caption":"Palosanto Tapas Bar"},"image":{"@id":"https:\/\/www.palosantotapasbar.com\/ca\/#\/schema\/logo\/image\/"}}]}},"jetpack_sharing_enabled":true,"_links":{"self":[{"href":"https:\/\/www.palosantotapasbar.com\/ca\/wp-json\/wp\/v2\/pages\/8864","targetHints":{"allow":["GET"]}}],"collection":[{"href":"https:\/\/www.palosantotapasbar.com\/ca\/wp-json\/wp\/v2\/pages"}],"about":[{"href":"https:\/\/www.palosantotapasbar.com\/ca\/wp-json\/wp\/v2\/types\/page"}],"author":[{"embeddable":true,"href":"https:\/\/www.palosantotapasbar.com\/ca\/wp-json\/wp\/v2\/users\/2"}],"replies":[{"embeddable":true,"href":"https:\/\/www.palosantotapasbar.com\/ca\/wp-json\/wp\/v2\/comments?post=8864"}],"version-history":[{"count":15,"href":"https:\/\/www.palosantotapasbar.com\/ca\/wp-json\/wp\/v2\/pages\/8864\/revisions"}],"predecessor-version":[{"id":10086,"href":"https:\/\/www.palosantotapasbar.com\/ca\/wp-json\/wp\/v2\/pages\/8864\/revisions\/10086"}],"wp:attachment":[{"href":"https:\/\/www.palosantotapasbar.com\/ca\/wp-json\/wp\/v2\/media?parent=8864"}],"curies":[{"name":"wp","href":"https:\/\/api.w.org\/{rel}","templated":true}]}}